{"id":164,"date":"2022-09-15T12:58:46","date_gmt":"2022-09-15T10:58:46","guid":{"rendered":"http:\/\/alexander-spoerr.de\/?page_id=164"},"modified":"2025-03-24T11:35:17","modified_gmt":"2025-03-24T10:35:17","slug":"risikohinweis","status":"publish","type":"page","link":"http:\/\/alexander-spoerr.de\/index.php\/risikohinweis\/","title":{"rendered":"Risikohinweis"},"content":{"rendered":"\n<p>Der Handel mit Finanzanlagen und -instrumenten beinhaltet neben Gewinnchancen auch das hohe Risiko von Verlusten f\u00fcr das Verm\u00f6gen des Handelnden.<\/p>\n\n\n\n<p>Der Totalverlust des eingesetzten Kapitals und dar\u00fcber hinausgehende Verluste sind, je nach verwendetem Finanzinstrument, m\u00f6glich. Nicht alle Finanzanlagen und -instrumente, die hier vorgestellt werden sind deshalb f\u00fcr jeden Anleger geeignet.<\/p>\n\n\n\n<p>Der Handel bzw. die Nutzung von Finanzanlagen und -instrumenten setzt vertiefte Kenntnisse in Bezug auf die gehandelte Finanzanlage bzw. die Nutzung des Finanzinstrumentes voraus.<\/p>\n\n\n\n<p>Informationen, Berichte, Analysen und Finanzdaten, die auf der Internetseite, im Newsletter oder Live-Trading ver\u00f6ffentlicht werden stellen keine Anlageberatung dar und d\u00fcrfen auch nicht als solche verstanden werden.<\/p>\n\n\n\n<p>Sollten Sie keine ausreichenden Kenntnisse im Handel mit Wertpapieren haben, lassen Sie sich individuell von ihrer Bank oder ihrem Finanzexperten beraten.<\/p>\n\n\n\n<p>Die Inhalte dieser Internetseite wurden nach bestem Wissen und Gewissen erstellt. Eine Gew\u00e4hr f\u00fcr die Richtigkeit der Informationen und deren Vollst\u00e4ndigkeit kann nicht \u00fcbernommen werden.<\/p>\n\n\n\n<p><\/p>\n","protected":false},"excerpt":{"rendered":"<p>Der Handel mit Finanzanlagen und -instrumenten beinhaltet neben Gewinnchancen auch das hohe Risiko von Verlusten f\u00fcr das Verm\u00f6gen des Handelnden. Der Totalverlust des eingesetzten Kapitals und dar\u00fcber hinausgehende Verluste sind, je nach verwendetem Finanzinstrument, m\u00f6glich. Nicht alle Finanzanlagen und -instrumente, die hier vorgestellt werden sind deshalb f\u00fcr jeden Anleger geeignet. Der Handel bzw. die Nutzung [&hellip;]<\/p>\n","protected":false},"author":1,"featured_media":0,"parent":0,"menu_order":-5,"comment_status":"closed","ping_status":"closed","template":"","meta":{"footnotes":""},"_links":{"self":[{"href":"http:\/\/alexander-spoerr.de\/index.php\/wp-json\/wp\/v2\/pages\/164"}],"collection":[{"href":"http:\/\/alexander-spoerr.de\/index.php\/wp-json\/wp\/v2\/pages"}],"about":[{"href":"http:\/\/alexander-spoerr.de\/index.php\/wp-json\/wp\/v2\/types\/page"}],"author":[{"embeddable":true,"href":"http:\/\/alexander-spoerr.de\/index.php\/wp-json\/wp\/v2\/users\/1"}],"replies":[{"embeddable":true,"href":"http:\/\/alexander-spoerr.de\/index.php\/wp-json\/wp\/v2\/comments?post=164"}],"version-history":[{"count":5,"href":"http:\/\/alexander-spoerr.de\/index.php\/wp-json\/wp\/v2\/pages\/164\/revisions"}],"predecessor-version":[{"id":216,"href":"http:\/\/alexander-spoerr.de\/index.php\/wp-json\/wp\/v2\/pages\/164\/revisions\/216"}],"wp:attachment":[{"href":"http:\/\/alexander-spoerr.de\/index.php\/wp-json\/wp\/v2\/media?parent=164"}],"curies":[{"name":"wp","href":"https:\/\/api.w.org\/{rel}","templated":true}]}}