{"id":373,"date":"2023-03-28T08:25:33","date_gmt":"2023-03-28T06:25:33","guid":{"rendered":"http:\/\/alexander-spoerr.de\/?page_id=373"},"modified":"2023-03-28T08:30:17","modified_gmt":"2023-03-28T06:30:17","slug":"allgemeine-geschaeftsbedingungen","status":"publish","type":"page","link":"http:\/\/alexander-spoerr.de\/index.php\/allgemeine-geschaeftsbedingungen\/","title":{"rendered":"Allgemeine Gesch\u00e4ftsbedingungen"},"content":{"rendered":"\n<p><\/p>\n\n\n\n<ol><li>Geltungsbereich<br>Diese Allgemeinen Gesch\u00e4ftsbedingungen (AGB) gelten f\u00fcr alle Vertr\u00e4ge zwischen der Alexander Sp\u00f6rr (nachfolgend &#8222;Sp\u00f6rr&#8220; genannt) und ihren Kunden, die \u00fcber den Online-Shop oder auf andere Weise abgeschlossen werden. Von diesen AGB abweichende Bedingungen werden nur dann Vertragsbestandteil, wenn sie von Sp\u00f6rr schriftlich anerkannt wurden.<\/li><li>Vertragspartner<br>Der Vertrag kommt zustande mit Alexander Sp\u00f6rr. Sie erreichen unseren Kundenservice f\u00fcr Fragen, Reklamationen und Beanstandungen werktags von 9:00 Uhr bis 16:00 Uhr unter der Telefonnummer +49 (0) 155 10 32 78 08 oder per E-Mail unter contact@alexander-spoerr.de.<\/li><li>Angebot und Vertragsschluss<br>Die Angebote von Sp\u00f6rr sind freibleibend und unverbindlich. Ein Vertrag kommt zustande, wenn Sp\u00f6rr die Bestellung des Kunden schriftlich oder durch Lieferung best\u00e4tigt oder die Ware liefert. Bei Bestellungen \u00fcber den Online-Shop gibt der Kunde ein verbindliches Angebot ab, indem er den Bestellprozess erfolgreich abschlie\u00dft. Sp\u00f6rr best\u00e4tigt den Eingang der Bestellung unverz\u00fcglich per E-Mail. Diese Bestellbest\u00e4tigung stellt noch keine Annahme des Angebots dar, sondern informiert den Kunden lediglich \u00fcber den Eingang seiner Bestellung. Der Kaufvertrag kommt erst zustande, wenn Sp\u00f6rr die Ware an den Kunden versendet oder die Annahme der Bestellung schriftlich best\u00e4tigt.<\/li><li>Widerrufsrecht<br>Verbraucher haben das gesetzliche Widerrufsrecht, \u00fcber das Sp\u00f6rr auf der Website sowie in der Widerrufsbelehrung, die der Ware beiliegt, informiert. Informationen zum Widerrufsrecht und dessen Aus\u00fcbung finden Sie in der Widerrufsbelehrung.<\/li><li>Preise und Zahlungsbedingungen<br>Es gelten die Preise zum Zeitpunkt der Bestellung. Alle Preise verstehen sich in Euro inklusive der gesetzlichen Mehrwertsteuer und zuz\u00fcglich Versandkosten. Die Versandkosten werden dem Kunden vor Abschluss der Bestellung mitgeteilt. Die Zahlung erfolgt per Vorkasse oder durch eine der im Bestellprozess angebotenen Zahlungsmethoden. Die Zahlung des Kaufpreises ist unmittelbar mit Vertragsschluss f\u00e4llig.<\/li><li>Lieferbedingungen<br>Die Lieferung erfolgt an die vom Kunden angegebene Lieferadresse. Die Lieferzeit betr\u00e4gt in der Regel 3-5 Werktage ab Bestelleingang, sofern nichts anderes vereinbart wurde. Sp\u00f6rr beh\u00e4lt sich das Recht vor, bei Nichtverf\u00fcgbarkeit der bestellten Ware vom Vertrag zur\u00fcckzutreten.<\/li><\/ol>\n\n\n\n<ol start=\"7\"><li>Schulungsinhalte<br>Sp\u00f6rr bietet Schulungen und Seminare zu verschiedenen Themen an. Die genauen Inhalte der Schulungen und Seminare ergeben sich aus der jeweiligen Beschreibung auf der Website oder aus einem schriftlichen Angebot von Sp\u00f6rr. Die Schulungen und Seminare werden von qualifizierten und erfahrenen Referenten durchgef\u00fchrt.<\/li><li>Anmeldung und Zahlungsbedingungen f\u00fcr Schulungen und Seminare<br>Die Anmeldung zu einer Schulung oder einem Seminar erfolgt \u00fcber das Anmeldeformular auf der Website oder durch ein schriftliches Angebot von Sp\u00f6rr. Der Vertrag kommt zustande, wenn Sp\u00f6rr die Anmeldung schriftlich best\u00e4tigt oder die Schulung oder das Seminar durchf\u00fchrt. Die Teilnahmegeb\u00fchr ist unmittelbar mit Vertragsschluss f\u00e4llig und ist innerhalb von 14 Tagen nach Rechnungsstellung zu zahlen. Die Teilnahmegeb\u00fchr beinhaltet die Schulungsunterlagen und die Verpflegung w\u00e4hrend der Schulung oder des Seminars, sofern nichts anderes vereinbart wurde.<\/li><li>R\u00fccktritt und Stornierung von Schulungen und Seminaren<br>Der Kunde kann bis zu 14 Tage vor Schulungs- oder Seminarbeginn kostenfrei vom Vertrag zur\u00fccktreten. Danach ist eine Stornogeb\u00fchr in H\u00f6he von 50% der Teilnahmegeb\u00fchr f\u00e4llig. Bei einem R\u00fccktritt innerhalb von 24 Stunden vor Schulungs- oder Seminarbeginn oder bei Nichterscheinen des Teilnehmers wird die volle Teilnahmegeb\u00fchr f\u00e4llig. Der Kunde hat das Recht, einen Ersatzteilnehmer zu benennen.<\/li><li>\u00c4nderungen und Absagen von Schulungen und Seminaren<br>Sp\u00f6rr beh\u00e4lt sich das Recht vor, Schulungen und Seminare aus wichtigem Grund (z.B. bei zu geringer Teilnehmerzahl, Ausfall des Referenten) abzusagen oder zu verschieben. In diesem Fall wird der Kunde unverz\u00fcglich informiert und hat das Recht, die Teilnahmegeb\u00fchr zur\u00fcckzufordern oder auf einen Ersatztermin umzubuchen. Weitere Anspr\u00fcche des Kunden sind ausgeschlossen.<\/li><li>Urheberrecht und Nutzungsrechte<br>Die Schulungsunterlagen sind urheberrechtlich gesch\u00fctzt und d\u00fcrfen ohne ausdr\u00fcckliche Zustimmung von Sp\u00f6rr nicht vervielf\u00e4ltigt oder verbreitet werden. Sp\u00f6rr r\u00e4umt dem Kunden das nicht ausschlie\u00dfliche Recht ein, die Schulungsunterlagen f\u00fcr den eigenen Gebrauch zu nutzen. Eine Weitergabe der Schulungsunterlagen an Dritte oder eine Nutzung f\u00fcr kommerzielle Zwecke ist nur mit vorheriger schriftlicher Zustimmung von Sp\u00f6rr gestattet.<\/li><li>Haftung<br>Sp\u00f6rr haftet f\u00fcr Sch\u00e4den, die durch Vorsatz oder grobe Fahrl\u00e4ssigkeit entstehen. Bei leichter Fahrl\u00e4ssigkeit haftet Sp\u00f6rr nur bei Verletzung wesentlicher Vertragspflichten. Die Haftung ist in diesem Fall auf den typischen, vorhersehbaren Schaden begrenzt. Die vorstehenden Haftungs<\/li><\/ol>\n\n\n\n<ol start=\"13\"><li>Verschwiegenheit<br>Sp\u00f6rr und der Kunde verpflichten sich zur gegenseitigen Verschwiegenheit \u00fcber alle vertraulichen Informationen, die im Rahmen der Zusammenarbeit bekannt werden. Vertrauliche Informationen sind alle Informationen, die nicht allgemein bekannt sind und die sich auf die Gesch\u00e4ftst\u00e4tigkeit der jeweiligen Partei beziehen, insbesondere Gesch\u00e4ftsgeheimnisse, Kunden- und Lieferantendaten sowie Finanzdaten.<\/li><li>Ausnahmen von der Verschwiegenheitspflicht<br>Die Verschwiegenheitspflicht gilt nicht, soweit eine Offenlegung gesetzlich vorgeschrieben ist oder eine Partei aufgrund einer gerichtlichen oder beh\u00f6rdlichen Anordnung zur Offenlegung verpflichtet ist. Ebenso ist eine Offenlegung gestattet, soweit die Offenlegung zur Wahrung berechtigter Interessen einer Partei erforderlich ist und die andere Partei hiervon unverz\u00fcglich in Kenntnis gesetzt wird.<\/li><li>Verst\u00f6\u00dfe gegen die Verschwiegenheitspflicht<br>Verst\u00f6\u00dft eine Partei gegen die Verschwiegenheitspflicht, so hat die andere Partei das Recht, Schadensersatzanspr\u00fcche geltend zu machen. Die Verletzung der Verschwiegenheitspflicht kann auch den Ausschluss von der weiteren Zusammenarbeit zur Folge haben.<\/li><li>Dauer der Verschwiegenheitspflicht<br>Die Verschwiegenheitspflicht gilt \u00fcber die Dauer der Zusammenarbeit hinaus und endet erst, wenn die vertraulichen Informationen allgemein.<\/li><li>Der Gerichtstand ist Tettenweis.<\/li><li>Sollten einzelne Bestimmungen dieser Bedingungen ganz oder teilweise unwirksam sein oder werden, so bleiben die \u00fcbrigen Bestimmungen wirksam; die ganz oder teilweise unwirksame Bestimmung ist in diesem Fall durch eine entsprechende Vereinbarung zu ersetzen, die dem wirtschaftlichen Gehalt der unwirksamen Bestimmung bzw. des unwirksamen Teils m\u00f6glichst nahe kommt.<\/li><\/ol>\n\n\n\n<p>Stand:  1.03.2023<\/p>\n","protected":false},"excerpt":{"rendered":"<p>GeltungsbereichDiese Allgemeinen Gesch\u00e4ftsbedingungen (AGB) gelten f\u00fcr alle Vertr\u00e4ge zwischen der Alexander Sp\u00f6rr (nachfolgend &#8222;Sp\u00f6rr&#8220; genannt) und ihren Kunden, die \u00fcber den Online-Shop oder auf andere Weise abgeschlossen werden. Von diesen AGB abweichende Bedingungen werden nur dann Vertragsbestandteil, wenn sie von Sp\u00f6rr schriftlich anerkannt wurden. VertragspartnerDer Vertrag kommt zustande mit Alexander Sp\u00f6rr. Sie erreichen unseren Kundenservice [&hellip;]<\/p>\n","protected":false},"author":1,"featured_media":0,"parent":0,"menu_order":0,"comment_status":"closed","ping_status":"closed","template":"","meta":{"footnotes":""},"_links":{"self":[{"href":"http:\/\/alexander-spoerr.de\/index.php\/wp-json\/wp\/v2\/pages\/373"}],"collection":[{"href":"http:\/\/alexander-spoerr.de\/index.php\/wp-json\/wp\/v2\/pages"}],"about":[{"href":"http:\/\/alexander-spoerr.de\/index.php\/wp-json\/wp\/v2\/types\/page"}],"author":[{"embeddable":true,"href":"http:\/\/alexander-spoerr.de\/index.php\/wp-json\/wp\/v2\/users\/1"}],"replies":[{"embeddable":true,"href":"http:\/\/alexander-spoerr.de\/index.php\/wp-json\/wp\/v2\/comments?post=373"}],"version-history":[{"count":3,"href":"http:\/\/alexander-spoerr.de\/index.php\/wp-json\/wp\/v2\/pages\/373\/revisions"}],"predecessor-version":[{"id":377,"href":"http:\/\/alexander-spoerr.de\/index.php\/wp-json\/wp\/v2\/pages\/373\/revisions\/377"}],"wp:attachment":[{"href":"http:\/\/alexander-spoerr.de\/index.php\/wp-json\/wp\/v2\/media?parent=373"}],"curies":[{"name":"wp","href":"https:\/\/api.w.org\/{rel}","templated":true}]}}