{"id":182,"date":"2023-12-03T09:47:12","date_gmt":"2023-12-03T08:47:12","guid":{"rendered":"http:\/\/alexander-spoerr.de\/?page_id=182"},"modified":"2025-03-24T11:34:40","modified_gmt":"2025-03-24T10:34:40","slug":"alexander-spoerr-trading-coaching","status":"publish","type":"page","link":"https:\/\/alexander-spoerr.de\/index.php\/alexander-spoerr-trading-coaching\/","title":{"rendered":"Alexander Sp\u00f6rr Trading Coaching"},"content":{"rendered":"\n<p>Herzlich willkommen bei meinem Trading Coaching Programm! Hier findest Du alle Informationen, die Du brauchst, um deine Trading-F\u00e4higkeiten auf das n\u00e4chste Level zu heben.<\/p>\n\n\n\n<h2 class=\"wp-block-heading\"><strong>I<\/strong>nformationen<\/h2>\n\n\n\n<p>Wenn Du neugierig bist und auf der Suche nach Informationen zu meinem Coaching Programm bist, bist Du hier genau richtig.<\/p>\n\n\n\n<p>Im Folgenden findest Du einen \u00dcberblick \u00fcber das, was dich erwartet:<\/p>\n\n\n\n<h2 class=\"wp-block-heading\">Coaching statt Kursprogramm<\/h2>\n\n\n\n<p>Im Gegensatz zu klassischen Kursprogrammen biete ich individuelles Coaching an. Das bedeutet, dass wir uns deinen spezifischen Herausforderungen und Fragen widmen. Egal, ob es um den Aufbau von Trends, die Einhaltung von Regeln oder das Risiko- und Moneymanagement geht, wir arbeiten gemeinsam an Deinen Anliegen. Wenn nachfolgend von Regeln und Strategien die Rede ist, sind damit nicht zwangsl\u00e4ufig Handelsregeln oder -strategien gemein, sondern Regeln bzw. Strategien um Deine individuelle Herausforderung zu meistern.<\/p>\n\n\n\n<h2 class=\"wp-block-heading\">Pers\u00f6nliche Betreuung<\/h2>\n\n\n\n<p>Du buchst Coaching-Stunden, in denen wir uns ausschlie\u00dflich auf Deine Fragen und eventuellen Probleme konzentrieren. Es gibt keine Gruppen, nur Du und ich \u2013 das Coaching dreht sich vollst\u00e4ndig um Dich und Dein Trading.<\/p>\n\n\n\n<h2 class=\"wp-block-heading\">Wie l\u00e4uft das Coaching beispielhaft ab?<\/h2>\n\n\n\n<h4 class=\"wp-block-heading\">1. Wir besprechen Dein Anliegen<\/h4>\n\n\n\n<p>Wir starten mit einer Analyse Deiner aktuellen Trading-Situation. Welche Herausforderungen m\u00f6chtest Du angehen? Wo ben\u00f6tigst Du Unterst\u00fctzung?<\/p>\n\n\n\n<h4 class=\"wp-block-heading\">2. Wir erarbeiten Regeln und Strategien um die Herausforderung zu meistern<\/h4>\n\n\n\n<p>Gemeinsam erarbeiten wir klare Regeln und Strategien, die zu Dir passen um Deine Herausforderung zu meistern. Hier steht die Individualit\u00e4t im Vordergrund. Es muss zu Dir passen.<\/p>\n\n\n\n<h4 class=\"wp-block-heading\">3. Du setzt die die Regeln und Strategien selbst\u00e4ndig um<\/h4>\n\n\n\n<p>Nach der Festlegung von Regeln und Strategien geht es in die Praxis. Du setzt das erarbeite selbst\u00e4ndig um.<\/p>\n\n\n\n<h4 class=\"wp-block-heading\">4. Wir analysieren die Umsetzung<\/h4>\n\n\n\n<p>In regelm\u00e4\u00dfigen Coaching-Sessions analysieren wir gemeinsam deine Erfahrungen. Wo l\u00e4uft es gut, wo gibt es Verbesserungspotenzial? Anhand deiner Ergebnisse passen wir die Strategien und Regeln gegebenenfalls an.<\/p>\n\n\n\n<h2 class=\"wp-block-heading\">Wie starten wir das Coaching?<\/h2>\n\n\n\n<p>Wenn Du interessiert bist und mehr \u00fcber mein Coaching erfahren m\u00f6chtest, kontaktiere mich einfach. Ich stehe dir gerne f\u00fcr ein unverbindliches Gespr\u00e4ch zur Verf\u00fcgung. Zusammen bringen wir dein Trading auf das n\u00e4chste Level!<\/p>\n\n\n\n<p>Bereit f\u00fcr den Start? Lass uns gemeinsam durchstarten!<\/p>\n","protected":false},"excerpt":{"rendered":"<p>Herzlich willkommen bei meinem Trading Coaching Programm! Hier findest Du alle Informationen, die Du brauchst, um deine Trading-F\u00e4higkeiten auf das n\u00e4chste Level zu heben. Informationen Wenn Du neugierig bist und auf der Suche nach Informationen zu meinem Coaching Programm bist, bist Du hier genau richtig. Im Folgenden findest Du einen \u00dcberblick \u00fcber das, was dich [&hellip;]<\/p>\n","protected":false},"author":1,"featured_media":0,"parent":0,"menu_order":0,"comment_status":"closed","ping_status":"closed","template":"","meta":{"footnotes":""},"_links":{"self":[{"href":"https:\/\/alexander-spoerr.de\/index.php\/wp-json\/wp\/v2\/pages\/182"}],"collection":[{"href":"https:\/\/alexander-spoerr.de\/index.php\/wp-json\/wp\/v2\/pages"}],"about":[{"href":"https:\/\/alexander-spoerr.de\/index.php\/wp-json\/wp\/v2\/types\/page"}],"author":[{"embeddable":true,"href":"https:\/\/alexander-spoerr.de\/index.php\/wp-json\/wp\/v2\/users\/1"}],"replies":[{"embeddable":true,"href":"https:\/\/alexander-spoerr.de\/index.php\/wp-json\/wp\/v2\/comments?post=182"}],"version-history":[{"count":8,"href":"https:\/\/alexander-spoerr.de\/index.php\/wp-json\/wp\/v2\/pages\/182\/revisions"}],"predecessor-version":[{"id":539,"href":"https:\/\/alexander-spoerr.de\/index.php\/wp-json\/wp\/v2\/pages\/182\/revisions\/539"}],"wp:attachment":[{"href":"https:\/\/alexander-spoerr.de\/index.php\/wp-json\/wp\/v2\/media?parent=182"}],"curies":[{"name":"wp","href":"https:\/\/api.w.org\/{rel}","templated":true}]}}