{"id":209,"date":"2022-09-26T12:03:27","date_gmt":"2022-09-26T10:03:27","guid":{"rendered":"http:\/\/alexander-spoerr.de\/?page_id=209"},"modified":"2025-03-24T11:34:00","modified_gmt":"2025-03-24T10:34:00","slug":"trading-research","status":"publish","type":"page","link":"https:\/\/alexander-spoerr.de\/index.php\/trading-research\/","title":{"rendered":"Trading Research"},"content":{"rendered":"\n<p>Trading Research besch\u00e4ftigt sich mit der Analyse von Wirtschaftsg\u00fctern und deren Handel.<\/p>\n\n\n\n<p>Ziel der Analyse ist es vorteilhafte Investionsm\u00f6glichkeiten zu finden um eine h\u00f6chstm\u00f6gliche Rendite bei m\u00f6glichst geringem Risiko zu erwirtschaften.<\/p>\n\n\n\n<p><strong>Grundanalyse<\/strong><\/p>\n\n\n\n<p>Die Grundanalyse soll dazu dienen, eine Vorstellung zu erlangen welche Ein- bzw. Verkaufspreise g\u00fcnstig sein k\u00f6nnten. Hierzu verwendet man Analysemethoden einzeln oder in Kombination miteinander. Zu den Grundanalysemethoden geh\u00f6ren:<\/p>\n\n\n\n<p><strong>Fundamental Analyse<\/strong><\/p>\n\n\n\n<p>Analyse von \u00f6konomischen Daten, wie Bilanzen, Gewinn- und Verlustrechnungen bei Unternehmen.<\/p>\n\n\n\n<p><strong>Technische Analyse<\/strong><\/p>\n\n\n\n<p>Hierunter versteht man in erster Linie die Untersuchung des Kursverhaltens anhand von Charts.<\/p>\n\n\n\n<p><strong>Saisonale Analyse<\/strong><\/p>\n\n\n\n<p>Untersuchung der Preisentwicklung eines Handelsgut in einem bestimmten Zeitraum. Ein Beispiel die Kursentwicklung an einem bestimmten Wochentag, Monat oder einer Jahreszeit.<\/p>\n\n\n\n<p><strong>Kapitalisierung<\/strong><\/p>\n\n\n\n<p>Nach der Grundanalyse muss untersucht werden wie sich die gewonnen Erkenntnisse gewinnbringend handeln lassen. Dazu braucht es eine <strong>Handelsstrategie mit Money- und Risikomanagement.<\/strong><\/p>\n\n\n\n<p><strong>Handelsstrategieanalyse<\/strong><\/p>\n\n\n\n<p>Die entwickelte Handelsstrategie wird durch die Handelsstrategieanalyse \u00fcberpr\u00fcft. Deren Ergebnisse f\u00fchren in der Regel zur Optimierung einer Handelsstrategie. Genau genommen ist diese Analyse Teil der Entwicklung einer Handelsstrategie.<\/p>\n\n\n\n<p><strong>Portfolioanalyse<\/strong><\/p>\n\n\n\n<p>Bei der Portfolioanalyse geht es um Gewinnmaximierung und Risikomanagement eines gesamten Wertpapierdepots.<\/p>\n","protected":false},"excerpt":{"rendered":"<p>Trading Research besch\u00e4ftigt sich mit der Analyse von Wirtschaftsg\u00fctern und deren Handel. Ziel der Analyse ist es vorteilhafte Investionsm\u00f6glichkeiten zu finden um eine h\u00f6chstm\u00f6gliche Rendite bei m\u00f6glichst geringem Risiko zu erwirtschaften. Grundanalyse Die Grundanalyse soll dazu dienen, eine Vorstellung zu erlangen welche Ein- bzw. Verkaufspreise g\u00fcnstig sein k\u00f6nnten. Hierzu verwendet man Analysemethoden einzeln oder in [&hellip;]<\/p>\n","protected":false},"author":1,"featured_media":0,"parent":0,"menu_order":0,"comment_status":"closed","ping_status":"closed","template":"","meta":{"footnotes":""},"_links":{"self":[{"href":"https:\/\/alexander-spoerr.de\/index.php\/wp-json\/wp\/v2\/pages\/209"}],"collection":[{"href":"https:\/\/alexander-spoerr.de\/index.php\/wp-json\/wp\/v2\/pages"}],"about":[{"href":"https:\/\/alexander-spoerr.de\/index.php\/wp-json\/wp\/v2\/types\/page"}],"author":[{"embeddable":true,"href":"https:\/\/alexander-spoerr.de\/index.php\/wp-json\/wp\/v2\/users\/1"}],"replies":[{"embeddable":true,"href":"https:\/\/alexander-spoerr.de\/index.php\/wp-json\/wp\/v2\/comments?post=209"}],"version-history":[{"count":1,"href":"https:\/\/alexander-spoerr.de\/index.php\/wp-json\/wp\/v2\/pages\/209\/revisions"}],"predecessor-version":[{"id":210,"href":"https:\/\/alexander-spoerr.de\/index.php\/wp-json\/wp\/v2\/pages\/209\/revisions\/210"}],"wp:attachment":[{"href":"https:\/\/alexander-spoerr.de\/index.php\/wp-json\/wp\/v2\/media?parent=209"}],"curies":[{"name":"wp","href":"https:\/\/api.w.org\/{rel}","templated":true}]}}