{"id":242,"date":"2022-10-11T15:29:12","date_gmt":"2022-10-11T13:29:12","guid":{"rendered":"http:\/\/alexander-spoerr.de\/?page_id=242"},"modified":"2022-10-31T09:57:11","modified_gmt":"2022-10-31T08:57:11","slug":"individuelles-trading-research","status":"publish","type":"page","link":"https:\/\/alexander-spoerr.de\/index.php\/individuelles-trading-research\/","title":{"rendered":"Individuelles Trading Research"},"content":{"rendered":"\n<p><\/p>\n\n\n\n<p>Sie haben an der B\u00f6rse eine Beobachtung gemacht. Sie meinen Sie h\u00e4tten einen Vorteil f\u00fcr sich gefunden. K\u00f6nnen diesen aber aus den unterschiedlichsten Gr\u00fcnden nicht statitisch oder anderweitig \u00fcberpr\u00fcfen.<\/p>\n\n\n\n<p>Dann sprechen Sie mit mir. Gerne plane und f\u00fchre ich f\u00fcr Sie ein Research durch.<\/p>\n\n\n\n<p>Selbstverst\u00e4ndlich wahre ich Vertraulichkeit.<\/p>\n","protected":false},"excerpt":{"rendered":"<p>Sie haben an der B\u00f6rse eine Beobachtung gemacht. Sie meinen Sie h\u00e4tten einen Vorteil f\u00fcr sich gefunden. K\u00f6nnen diesen aber aus den unterschiedlichsten Gr\u00fcnden nicht statitisch oder anderweitig \u00fcberpr\u00fcfen. Dann sprechen Sie mit mir. Gerne plane und f\u00fchre ich f\u00fcr Sie ein Research durch. Selbstverst\u00e4ndlich wahre ich Vertraulichkeit.<\/p>\n","protected":false},"author":1,"featured_media":0,"parent":0,"menu_order":0,"comment_status":"closed","ping_status":"closed","template":"","meta":{"footnotes":""},"_links":{"self":[{"href":"https:\/\/alexander-spoerr.de\/index.php\/wp-json\/wp\/v2\/pages\/242"}],"collection":[{"href":"https:\/\/alexander-spoerr.de\/index.php\/wp-json\/wp\/v2\/pages"}],"about":[{"href":"https:\/\/alexander-spoerr.de\/index.php\/wp-json\/wp\/v2\/types\/page"}],"author":[{"embeddable":true,"href":"https:\/\/alexander-spoerr.de\/index.php\/wp-json\/wp\/v2\/users\/1"}],"replies":[{"embeddable":true,"href":"https:\/\/alexander-spoerr.de\/index.php\/wp-json\/wp\/v2\/comments?post=242"}],"version-history":[{"count":2,"href":"https:\/\/alexander-spoerr.de\/index.php\/wp-json\/wp\/v2\/pages\/242\/revisions"}],"predecessor-version":[{"id":258,"href":"https:\/\/alexander-spoerr.de\/index.php\/wp-json\/wp\/v2\/pages\/242\/revisions\/258"}],"wp:attachment":[{"href":"https:\/\/alexander-spoerr.de\/index.php\/wp-json\/wp\/v2\/media?parent=242"}],"curies":[{"name":"wp","href":"https:\/\/api.w.org\/{rel}","templated":true}]}}