{"id":302,"date":"2022-11-14T14:45:23","date_gmt":"2022-11-14T13:45:23","guid":{"rendered":"http:\/\/alexander-spoerr.de\/?page_id=302"},"modified":"2022-11-15T17:25:42","modified_gmt":"2022-11-15T16:25:42","slug":"inside-days","status":"publish","type":"page","link":"https:\/\/alexander-spoerr.de\/index.php\/inside-days\/","title":{"rendered":"Inside Days"},"content":{"rendered":"\n<figure class=\"wp-block-image size-full is-resized\"><img decoding=\"async\" loading=\"lazy\" src=\"http:\/\/alexander-spoerr.de\/wp-content\/uploads\/2022\/11\/Bild_2022-11-15_171708665.png\" alt=\"Beispiel f\u00fcr einen Inside Day\" class=\"wp-image-317\" width=\"103\" height=\"243\"\/><figcaption><em>Beispielgrafik f\u00fcr einen Inside Day<\/em><\/figcaption><\/figure>\n\n\n\n<p>Das Inside Day Pattern besteht aus zwei Kerzen (Balken)- Die zweite Kerze wird von der ersten Kerze vollst\u00e4ndig umschlossen. Die zweite Kerze hat somit ein h\u00f6heres Tief und ein tieferes Hoch als ihre Vorg\u00e4nger Kerze.<\/p>\n\n\n\n<p>Aussage der Kerze ist somit es gab kein tieferes Tief und kein h\u00f6heres Hoch und die Volatilit\u00e4t hat abgenommen.<\/p>\n\n\n\n<p>Thomas Bulkowski hat den Inside Day untersucht und festgestellt, dass der Inside Day in 62% der F\u00e4lle in Trendrichtung aufgel\u00f6st wird. Es handelt sich somit um ein Trendfortsetzungsmuster.<\/p>\n\n\n\n<p>Der Handel von Inside Days bietet demnach einen Vorteil. Im folgenden findest Du ausschlie\u00dflich zu deiner Information eine Reihe von Werten die zuletzt ein Inside Day Pattern aufweisen.<\/p>\n\n\n\n<p><object data=\"\/wp-content\/uploads\/InsideDay.html\" width=\"100%\" height=\"1800\"><\/object><\/p>\n","protected":false},"excerpt":{"rendered":"<p>Das Inside Day Pattern besteht aus zwei Kerzen (Balken)- Die zweite Kerze wird von der ersten Kerze vollst\u00e4ndig umschlossen. Die zweite Kerze hat somit ein h\u00f6heres Tief und ein tieferes Hoch als ihre Vorg\u00e4nger Kerze. Aussage der Kerze ist somit es gab kein tieferes Tief und kein h\u00f6heres Hoch und die Volatilit\u00e4t hat abgenommen. Thomas [&hellip;]<\/p>\n","protected":false},"author":1,"featured_media":0,"parent":0,"menu_order":0,"comment_status":"closed","ping_status":"closed","template":"","meta":{"footnotes":""},"_links":{"self":[{"href":"https:\/\/alexander-spoerr.de\/index.php\/wp-json\/wp\/v2\/pages\/302"}],"collection":[{"href":"https:\/\/alexander-spoerr.de\/index.php\/wp-json\/wp\/v2\/pages"}],"about":[{"href":"https:\/\/alexander-spoerr.de\/index.php\/wp-json\/wp\/v2\/types\/page"}],"author":[{"embeddable":true,"href":"https:\/\/alexander-spoerr.de\/index.php\/wp-json\/wp\/v2\/users\/1"}],"replies":[{"embeddable":true,"href":"https:\/\/alexander-spoerr.de\/index.php\/wp-json\/wp\/v2\/comments?post=302"}],"version-history":[{"count":5,"href":"https:\/\/alexander-spoerr.de\/index.php\/wp-json\/wp\/v2\/pages\/302\/revisions"}],"predecessor-version":[{"id":320,"href":"https:\/\/alexander-spoerr.de\/index.php\/wp-json\/wp\/v2\/pages\/302\/revisions\/320"}],"wp:attachment":[{"href":"https:\/\/alexander-spoerr.de\/index.php\/wp-json\/wp\/v2\/media?parent=302"}],"curies":[{"name":"wp","href":"https:\/\/api.w.org\/{rel}","templated":true}]}}