{"id":354,"date":"2023-01-25T14:54:08","date_gmt":"2023-01-25T13:54:08","guid":{"rendered":"http:\/\/alexander-spoerr.de\/?page_id=354"},"modified":"2023-01-25T14:54:08","modified_gmt":"2023-01-25T13:54:08","slug":"outside-day","status":"publish","type":"page","link":"https:\/\/alexander-spoerr.de\/index.php\/outside-day\/","title":{"rendered":"Outside Day"},"content":{"rendered":"\n<p>Das Outside Day Pattern besteht aus zwei Kerzen (Balken)- Die zweite Kerze umschlie\u00dft die Vorg\u00e4nger-Kerze vollst\u00e4ndig.  Die zweite Kerze hat somit ein h\u00f6heres Hoch und ein tieferes Tief. <\/p>\n\n\n\n<p>Die Volatilit\u00e4t hat sich im Vergleich zur erste Kerze erh\u00f6ht. Ein &#8222;Outside Day&#8220; ist in der Regel ein Fortsetzungsmuster. Kann aber auch in der Form eines Reversals vorkommen. Um eine genauere Aussage zu treffen muss man sich den gr\u00f6\u00dferen Kontext eines Charts anschauen. Der Handel in Trendrichtung sollte einen Vorteil bringen.<\/p>\n\n\n\n<p>Hier findest Du Werte die zuletzt einen &#8222;Outside Day&#8220; aufwiesen.<\/p>\n\n\n\n<p><object data=\"\/wp-content\/uploads\/OutsideDay.html\" width=\"100%\" height=\"1800\"><p><\/p><\/object><\/p>\n\n\n\n<p><\/p>\n","protected":false},"excerpt":{"rendered":"<p>Das Outside Day Pattern besteht aus zwei Kerzen (Balken)- Die zweite Kerze umschlie\u00dft die Vorg\u00e4nger-Kerze vollst\u00e4ndig. Die zweite Kerze hat somit ein h\u00f6heres Hoch und ein tieferes Tief. Die Volatilit\u00e4t hat sich im Vergleich zur erste Kerze erh\u00f6ht. Ein &#8222;Outside Day&#8220; ist in der Regel ein Fortsetzungsmuster. Kann aber auch in der Form eines Reversals [&hellip;]<\/p>\n","protected":false},"author":1,"featured_media":0,"parent":0,"menu_order":0,"comment_status":"closed","ping_status":"closed","template":"","meta":{"footnotes":""},"_links":{"self":[{"href":"https:\/\/alexander-spoerr.de\/index.php\/wp-json\/wp\/v2\/pages\/354"}],"collection":[{"href":"https:\/\/alexander-spoerr.de\/index.php\/wp-json\/wp\/v2\/pages"}],"about":[{"href":"https:\/\/alexander-spoerr.de\/index.php\/wp-json\/wp\/v2\/types\/page"}],"author":[{"embeddable":true,"href":"https:\/\/alexander-spoerr.de\/index.php\/wp-json\/wp\/v2\/users\/1"}],"replies":[{"embeddable":true,"href":"https:\/\/alexander-spoerr.de\/index.php\/wp-json\/wp\/v2\/comments?post=354"}],"version-history":[{"count":1,"href":"https:\/\/alexander-spoerr.de\/index.php\/wp-json\/wp\/v2\/pages\/354\/revisions"}],"predecessor-version":[{"id":355,"href":"https:\/\/alexander-spoerr.de\/index.php\/wp-json\/wp\/v2\/pages\/354\/revisions\/355"}],"wp:attachment":[{"href":"https:\/\/alexander-spoerr.de\/index.php\/wp-json\/wp\/v2\/media?parent=354"}],"curies":[{"name":"wp","href":"https:\/\/api.w.org\/{rel}","templated":true}]}}